{"id":89,"date":"2015-08-26T10:26:34","date_gmt":"2015-08-26T10:26:34","guid":{"rendered":"http:\/\/www.spf-europe.nl\/?page_id=89"},"modified":"2017-03-16T12:15:53","modified_gmt":"2017-03-16T12:15:53","slug":"staalbandverzinken","status":"publish","type":"page","link":"https:\/\/www.spf-europe.nl\/de\/staalbandverzinken\/","title":{"rendered":"Staalbandverzinken"},"content":{"rendered":"<p>[et_pb_section fullwidth=&#8220;on&#8220; specialty=&#8220;off&#8220;][et_pb_fullwidth_slider admin_label=&#8220;Volle breedte slider&#8220; show_arrows=&#8220;off&#8220; show_pagination=&#8220;off&#8220; auto=&#8220;off&#8220; auto_ignore_hover=&#8220;off&#8220; parallax=&#8220;off&#8220; parallax_method=&#8220;off&#8220; remove_inner_shadow=&#8220;off&#8220; background_position=&#8220;default&#8220; background_size=&#8220;default&#8220; hide_content_on_mobile=&#8220;off&#8220; hide_cta_on_mobile=&#8220;off&#8220; show_image_video_mobile=&#8220;off&#8220; custom_button=&#8220;off&#8220; button_letter_spacing=&#8220;0&#8243; button_use_icon=&#8220;default&#8220; button_icon_placement=&#8220;right&#8220; button_on_hover=&#8220;on&#8220; button_letter_spacing_hover=&#8220;0&#8243;] [et_pb_slide heading=&#8220;Stahlband Verzinkung&#8220; background_image=&#8220;http:\/\/www.spf-europe.nl\/wp-content\/uploads\/2015\/08\/header6.jpg&#8220; background_position=&#8220;default&#8220; background_size=&#8220;cover&#8220; background_color=&#8220;#ffffff&#8220; alignment=&#8220;center&#8220; background_layout=&#8220;dark&#8220; allow_player_pause=&#8220;off&#8220; header_font_select=&#8220;default&#8220; body_font_select=&#8220;default&#8220; custom_button=&#8220;off&#8220; button_font_select=&#8220;default&#8220; button_use_icon=&#8220;default&#8220; button_icon_placement=&#8220;right&#8220; button_on_hover=&#8220;on&#8220;] [\/et_pb_slide] [\/et_pb_fullwidth_slider][\/et_pb_section][et_pb_section][et_pb_row][et_pb_column type=&#8220;4_4&#8243;][et_pb_text admin_label=&#8220;Blei-Anoden&#8220; background_layout=&#8220;light&#8220; text_orientation=&#8220;left&#8220; use_border_color=&#8220;off&#8220; border_color=&#8220;#ffffff&#8220; border_style=&#8220;solid&#8220;]<\/p>\n<p><strong><a href=\"http:\/\/www.spf-europe.nl\/wp-content\/uploads\/2017\/03\/IMG_0926-1.jpg\"><img loading=\"lazy\" decoding=\"async\" class=\"size-medium wp-image-477 alignleft\" src=\"http:\/\/www.spf-europe.nl\/wp-content\/uploads\/2017\/03\/IMG_0926-1-300x225.jpg\" alt=\"IMG_0926\" width=\"300\" height=\"225\" srcset=\"https:\/\/www.spf-europe.nl\/wp-content\/uploads\/2017\/03\/IMG_0926-1-300x225.jpg 300w, https:\/\/www.spf-europe.nl\/wp-content\/uploads\/2017\/03\/IMG_0926-1-768x576.jpg 768w, https:\/\/www.spf-europe.nl\/wp-content\/uploads\/2017\/03\/IMG_0926-1.jpg 800w\" sizes=\"(max-width: 300px) 100vw, 300px\" \/><\/a>Blei-Anoden<\/strong><\/p>\n<p>Blei-Anoden sind in unterschiedlichen Ausf\u00fchrungen erh\u00e4ltlich und werden prim\u00e4r in die Hartverchromung eingesetzt. SPF Europe hat sich zum Ziel gesetzt die \u00fcbliche Anoden-Konstruktion dahingehend zu optimieren, dass die hohen Anforderungen in Hinblick auf Stromverteilung, Stabilit\u00e4t und Standzeit erf\u00fcllt werden.<\/p>\n<p>&nbsp;<\/p>\n<p>&nbsp;<\/p>\n<p>[\/et_pb_text][\/et_pb_column][\/et_pb_row][et_pb_row][et_pb_column type=&#8220;4_4&#8243;][et_pb_text admin_label=&#8220;Titan-Blei Verbundanoden&#8220; background_layout=&#8220;light&#8220; text_orientation=&#8220;left&#8220; use_border_color=&#8220;off&#8220; border_color=&#8220;#ffffff&#8220; border_style=&#8220;solid&#8220;]<\/p>\n<p><strong>Titan-Blei Verbundanoden<\/strong><\/p>\n<p><a href=\"http:\/\/www.spf-europe.nl\/wp-content\/uploads\/2017\/03\/SAM_5942.jpg\"><img loading=\"lazy\" decoding=\"async\" class=\"size-medium wp-image-473 alignright\" src=\"http:\/\/www.spf-europe.nl\/wp-content\/uploads\/2017\/03\/SAM_5942-300x225.jpg\" alt=\"SAM_5942\" width=\"300\" height=\"225\" srcset=\"https:\/\/www.spf-europe.nl\/wp-content\/uploads\/2017\/03\/SAM_5942-300x225.jpg 300w, https:\/\/www.spf-europe.nl\/wp-content\/uploads\/2017\/03\/SAM_5942-768x576.jpg 768w, https:\/\/www.spf-europe.nl\/wp-content\/uploads\/2017\/03\/SAM_5942.jpg 1024w\" sizes=\"(max-width: 300px) 100vw, 300px\" \/><\/a>Titan-Blei Verbundanoden verbinden die Vorteile von Titan und Bleianoden und verlangen nahezu keine Wartung. Mit einer von SPF Europe entwickelter Technik wird eine Bleilegierung auf ein Titansubstrat aufgebracht. Hierdurch wird eine sehr homogene Stromverteilung \u00fcber die aktive, Blei verkleidete, Oberfl\u00e4che erreicht. Die herausragende Korrosionsbest\u00e4ndigkeit des Titans beruht auf der Bildung einer geschlossenen und passiven (elektrisch nicht leitenden) Oxidschicht. Das Titansubstrat sorgt somit f\u00fcr die mechanische Stabilit\u00e4t der Anodenkonstruktion und dient als Stromzuf\u00fchrung f\u00fcr die aktive Bleiverkleidung. Nach erreichen der Standzeit kann eine neue Bleiverkleidung aufgebracht werden.<\/p>\n<p>&nbsp;<\/p>\n<p>[\/et_pb_text][\/et_pb_column][\/et_pb_row][et_pb_row][et_pb_column type=&#8220;4_4&#8243;][et_pb_text admin_label=&#8220;Mischoxid beschichtete Anoden&#8220; background_layout=&#8220;light&#8220; text_orientation=&#8220;left&#8220; use_border_color=&#8220;off&#8220; border_color=&#8220;#ffffff&#8220; border_style=&#8220;solid&#8220;]<\/p>\n<p><strong>Mischoxid beschichtete Anoden<\/strong><\/p>\n<p align=\"LEFT\">Die Entdeckung der Mischoxidbeschichtungen hat die Entwicklungen in der elektrochemischen Industrie vorangetrieben. Die Chlorindustrie hat die Vorteile der exzellenten Korrosionsbest\u00e4ndigkeit des Titans in Verbindung mit den hervorragenden elektrochemischen Eigenschaften der Mischoxidbeschichtungen sehr fr\u00fch erkannt und nach und nach ihre Grafitanoden durch dimensionsstabile Titananoden ersetzt. Iridium Mischoxid-Beschichtungen wurden entwickelt f\u00fcr Anwendungen bei der die Sauerstoffentwickelung die prim\u00e4re Anodenreaktion ist. Heute werden diese Beschichtungen unter anderem in der Galvanoindustrie und f\u00fcr den kathodischen Korrosionsschutz und der Elektrodialyse eingesetzt.<\/p>\n<p>&nbsp;<\/p>\n<p>[\/et_pb_text][\/et_pb_column][\/et_pb_row][\/et_pb_section]<\/p>","protected":false},"excerpt":{"rendered":"<p>[et_pb_section fullwidth=&#8220;on&#8220; specialty=&#8220;off&#8220;][et_pb_fullwidth_slider admin_label=&#8220;Volle breedte slider&#8220; show_arrows=&#8220;off&#8220; show_pagination=&#8220;off&#8220; auto=&#8220;off&#8220; auto_ignore_hover=&#8220;off&#8220; parallax=&#8220;off&#8220; parallax_method=&#8220;off&#8220; remove_inner_shadow=&#8220;off&#8220; background_position=&#8220;default&#8220; background_size=&#8220;default&#8220; hide_content_on_mobile=&#8220;off&#8220; hide_cta_on_mobile=&#8220;off&#8220; show_image_video_mobile=&#8220;off&#8220; custom_button=&#8220;off&#8220; button_letter_spacing=&#8220;0&#8243; button_use_icon=&#8220;default&#8220; button_icon_placement=&#8220;right&#8220; button_on_hover=&#8220;on&#8220; button_letter_spacing_hover=&#8220;0&#8243;] [et_pb_slide heading=&#8220;Stahlband Verzinkung&#8220; background_image=&#8220;http:\/\/www.spf-europe.nl\/wp-content\/uploads\/2015\/08\/header6.jpg&#8220; background_position=&#8220;default&#8220; background_size=&#8220;cover&#8220; background_color=&#8220;#ffffff&#8220; alignment=&#8220;center&#8220; background_layout=&#8220;dark&#8220; allow_player_pause=&#8220;off&#8220; header_font_select=&#8220;default&#8220; body_font_select=&#8220;default&#8220; custom_button=&#8220;off&#8220; button_font_select=&#8220;default&#8220; button_use_icon=&#8220;default&#8220; button_icon_placement=&#8220;right&#8220; button_on_hover=&#8220;on&#8220;] [\/et_pb_slide] [\/et_pb_fullwidth_slider][\/et_pb_section][et_pb_section][et_pb_row][et_pb_column type=&#8220;4_4&#8243;][et_pb_text admin_label=&#8220;Blei-Anoden&#8220; background_layout=&#8220;light&#8220; text_orientation=&#8220;left&#8220; use_border_color=&#8220;off&#8220; border_color=&#8220;#ffffff&#8220; border_style=&#8220;solid&#8220;] Blei-Anoden Blei-Anoden sind in unterschiedlichen [&hellip;]<\/p>\n","protected":false},"author":1,"featured_media":0,"parent":0,"menu_order":0,"comment_status":"closed","ping_status":"closed","template":"","meta":{"footnotes":""},"class_list":["post-89","page","type-page","status-publish","hentry"],"_links":{"self":[{"href":"https:\/\/www.spf-europe.nl\/de\/wp-json\/wp\/v2\/pages\/89"}],"collection":[{"href":"https:\/\/www.spf-europe.nl\/de\/wp-json\/wp\/v2\/pages"}],"about":[{"href":"https:\/\/www.spf-europe.nl\/de\/wp-json\/wp\/v2\/types\/page"}],"author":[{"embeddable":true,"href":"https:\/\/www.spf-europe.nl\/de\/wp-json\/wp\/v2\/users\/1"}],"replies":[{"embeddable":true,"href":"https:\/\/www.spf-europe.nl\/de\/wp-json\/wp\/v2\/comments?post=89"}],"version-history":[{"count":0,"href":"https:\/\/www.spf-europe.nl\/de\/wp-json\/wp\/v2\/pages\/89\/revisions"}],"wp:attachment":[{"href":"https:\/\/www.spf-europe.nl\/de\/wp-json\/wp\/v2\/media?parent=89"}],"curies":[{"name":"wp","href":"https:\/\/api.w.org\/{rel}","templated":true}]}}