{"id":86,"date":"2015-08-26T10:21:28","date_gmt":"2015-08-26T10:21:28","guid":{"rendered":"http:\/\/www.spf-europe.nl\/?page_id=86"},"modified":"2018-06-12T11:49:01","modified_gmt":"2018-06-12T11:49:01","slug":"over-ons","status":"publish","type":"page","link":"https:\/\/www.spf-europe.nl\/de\/over-ons\/","title":{"rendered":"Over ons"},"content":{"rendered":"<p>[et_pb_section fullwidth=&#8220;on&#8220; specialty=&#8220;off&#8220;][et_pb_fullwidth_slider admin_label=&#8220;Fullwidth Slider&#8220; show_arrows=&#8220;on&#8220; show_pagination=&#8220;on&#8220; auto=&#8220;off&#8220; parallax=&#8220;off&#8220; auto_ignore_hover=&#8220;off&#8220; parallax_method=&#8220;off&#8220; remove_inner_shadow=&#8220;off&#8220; background_position=&#8220;default&#8220; background_size=&#8220;default&#8220; hide_content_on_mobile=&#8220;off&#8220; hide_cta_on_mobile=&#8220;off&#8220; show_image_video_mobile=&#8220;off&#8220; custom_button=&#8220;off&#8220; button_letter_spacing=&#8220;0&#8243; button_use_icon=&#8220;default&#8220; button_icon_placement=&#8220;right&#8220; button_on_hover=&#8220;on&#8220; button_letter_spacing_hover=&#8220;0&#8243;] [et_pb_slide heading=&#8220;SPF Europe&#8220; button_text=&#8220;Mail&#8220; button_link=&#8220;mailto:sales@spf-europe.nl &#8220; background_image=&#8220;http:\/\/www.spf-europe.nl\/wp-content\/uploads\/2016\/02\/Image00001600x480.jpg&#8220; background_color=&#8220;#ffffff&#8220; alignment=&#8220;center&#8220; background_layout=&#8220;dark&#8220; background_position=&#8220;default&#8220; background_size=&#8220;default&#8220; allow_player_pause=&#8220;off&#8220; header_font_select=&#8220;default&#8220; body_font_select=&#8220;default&#8220; custom_button=&#8220;off&#8220; button_font_select=&#8220;default&#8220; button_use_icon=&#8220;default&#8220; button_icon_placement=&#8220;right&#8220; button_on_hover=&#8220;on&#8220;]<\/p>\n<p>Ihr Partner f\u00fcr die Galvanotechnik und Korrosionbest\u00e4ndige Materialen<\/p>\n<p>[\/et_pb_slide] [\/et_pb_fullwidth_slider][\/et_pb_section][et_pb_section inner_shadow=&#8220;off&#8220; parallax=&#8220;off&#8220;][et_pb_row][et_pb_column type=&#8220;1_2&#8243;][et_pb_blurb admin_label=&#8220;Entwicklung und Beratung&#8220; title=&#8220;Entwicklung und Beratung&#8220; url_new_window=&#8220;off&#8220; use_icon=&#8220;on&#8220; font_icon=&#8220;%%59%%&#8220; icon_color=&#8220;#f2952d&#8220; use_circle=&#8220;off&#8220; circle_color=&#8220;#2ea3f2&#8243; use_circle_border=&#8220;off&#8220; circle_border_color=&#8220;#2ea3f2&#8243; icon_placement=&#8220;left&#8220; animation=&#8220;top&#8220; background_layout=&#8220;light&#8220; text_orientation=&#8220;justified&#8220; use_icon_font_size=&#8220;off&#8220; use_border_color=&#8220;off&#8220; border_color=&#8220;#ffffff&#8220; border_style=&#8220;solid&#8220;]<\/p>\n<p><span style=\"font-size: small;\">Unsere Entwicklungsabteilung kann die komplette Konstruktion inklusive thermische und mechanische Berechnungen durchf\u00fchren.<br \/>\nDie vorgeschlagene Konstruktion wird <\/span><span style=\"font-family: Arial; font-size: small;\">\u2013<\/span><span style=\"font-size: small;\"> unter Hinzuziehung eventueller Kundenw\u00fcnsche &#8211; einer strengen Pr\u00fcfung unterzogen.<\/span><\/p>\n<p>[\/et_pb_blurb][et_pb_blurb admin_label=&#8220;Kernaktivit\u00e4ten&#8220; title=&#8220;Kernaktivit\u00e4ten&#8220; url_new_window=&#8220;off&#8220; use_icon=&#8220;on&#8220; font_icon=&#8220;%%59%%&#8220; icon_color=&#8220;#f2952d&#8220; use_circle=&#8220;off&#8220; circle_color=&#8220;#2ea3f2&#8243; use_circle_border=&#8220;off&#8220; circle_border_color=&#8220;#2ea3f2&#8243; icon_placement=&#8220;left&#8220; animation=&#8220;top&#8220; background_layout=&#8220;light&#8220; text_orientation=&#8220;justified&#8220; use_icon_font_size=&#8220;off&#8220; use_border_color=&#8220;off&#8220; border_color=&#8220;#ffffff&#8220; border_style=&#8220;solid&#8220;]<\/p>\n<p>SPF Europe BV produziert Apparate und Zubeh\u00f6r f\u00fcr die Chemie-, Galvano- und Stahlindustrie die korrosionsbest\u00e4ndige Metalle wie Titan, Tantal und Zirkonium einsetz.<\/p>\n<p>[\/et_pb_blurb][\/et_pb_column][et_pb_column type=&#8220;1_2&#8243;][et_pb_blurb admin_label=&#8220;Niederlande&#8220; title=&#8220;Niederlande&#8220; url_new_window=&#8220;off&#8220; use_icon=&#8220;on&#8220; font_icon=&#8220;%%59%%&#8220; icon_color=&#8220;#f2952d&#8220; use_circle=&#8220;off&#8220; circle_color=&#8220;#2ea3f2&#8243; use_circle_border=&#8220;off&#8220; circle_border_color=&#8220;#2ea3f2&#8243; icon_placement=&#8220;left&#8220; animation=&#8220;top&#8220; background_layout=&#8220;light&#8220; text_orientation=&#8220;justified&#8220; use_icon_font_size=&#8220;off&#8220; use_border_color=&#8220;off&#8220; border_color=&#8220;#ffffff&#8220; border_style=&#8220;solid&#8220;]<\/p>\n<p>SPF Europe BV wurde 1989 in Hoensbroek (NL) gegr\u00fcndet und besch\u00e4ftigt derzeit ca. 30 Mitarbeiter. <span style=\"font-size: small;\">Zu unseren Dienstleistungen geh\u00f6ren auch die Durchf\u00fchrung von Wartungs- und Reparaturarbeiten <\/span><span style=\"font-family: Arial; font-size: small;\"><span style=\"font-family: Arial; font-size: small;\">\u2013<\/span><\/span><span style=\"font-size: small;\"> sowohl in unserem Werk als bei unseren Endkunden.<\/span><\/p>\n<p>[\/et_pb_blurb][et_pb_blurb admin_label=&#8220;Produktionsmittel&#8220; title=&#8220;Produktionsmittel&#8220; url_new_window=&#8220;off&#8220; use_icon=&#8220;on&#8220; font_icon=&#8220;%%59%%&#8220; icon_color=&#8220;#f2952d&#8220; use_circle=&#8220;off&#8220; circle_color=&#8220;#2ea3f2&#8243; use_circle_border=&#8220;off&#8220; circle_border_color=&#8220;#2ea3f2&#8243; icon_placement=&#8220;left&#8220; animation=&#8220;top&#8220; background_layout=&#8220;light&#8220; text_orientation=&#8220;justified&#8220; use_icon_font_size=&#8220;off&#8220; use_border_color=&#8220;off&#8220; border_color=&#8220;#ffffff&#8220; border_style=&#8220;solid&#8220;]<\/p>\n<p>Unsere Produktionsmittel beinhalten: 3200 m2 Produktionsfl\u00e4che inklusive Reinstraum,3.2t -5t und 10t Hebeb\u00fchnen, Eine vertikale Rollnahtschweissmaschine, Eine horizontale Rollnahtschweissmaschine, WIG-, MIG-, elektrische Schweisger\u00e4te, verschiedene mechanische Bearbeitungsmaschinen, 20t und 50t Hydraulikpressen, Kontroll- und Messinstrumente.<\/p>\n<p>&nbsp;<\/p>\n<p>[\/et_pb_blurb][\/et_pb_column][\/et_pb_row][et_pb_row][et_pb_column type=&#8220;1_2&#8243;][et_pb_blurb admin_label=&#8220;Zertifizierung&#8220; title=&#8220;Zertifizierung&#8220; url_new_window=&#8220;off&#8220; use_icon=&#8220;on&#8220; font_icon=&#8220;%%59%%&#8220; icon_color=&#8220;#f2952d&#8220; use_circle=&#8220;off&#8220; circle_color=&#8220;#2ea3f2&#8243; use_circle_border=&#8220;off&#8220; circle_border_color=&#8220;#2ea3f2&#8243; icon_placement=&#8220;left&#8220; animation=&#8220;top&#8220; background_layout=&#8220;light&#8220; text_orientation=&#8220;justified&#8220; use_icon_font_size=&#8220;off&#8220; use_border_color=&#8220;off&#8220; border_color=&#8220;#ffffff&#8220; border_style=&#8220;solid&#8220;]<\/p>\n<p>SPF Europe BV ist seit 25. Februar 1999 nach ISO 9001- zertifiziert gem\u00e4ss Lloyd\u2019s Register Quality Assurance. Druckbeh\u00e4lter werden produziert gem\u00e4ss:Pressure Equipment Directive (PED) Richtlinie 97\/23EG, ASME VIII, div. 1<\/p>\n<p>&nbsp;<\/p>\n<p>[\/et_pb_blurb][et_pb_blurb admin_label=&#8220;Unser Standort&#8220; title=&#8220;Unser Standort&#8220; url_new_window=&#8220;off&#8220; use_icon=&#8220;on&#8220; font_icon=&#8220;%%59%%&#8220; icon_color=&#8220;#f2952d&#8220; use_circle=&#8220;off&#8220; circle_color=&#8220;#2ea3f2&#8243; use_circle_border=&#8220;off&#8220; circle_border_color=&#8220;#2ea3f2&#8243; icon_placement=&#8220;left&#8220; animation=&#8220;top&#8220; background_layout=&#8220;light&#8220; text_orientation=&#8220;justified&#8220; use_icon_font_size=&#8220;off&#8220; use_border_color=&#8220;off&#8220; border_color=&#8220;#ffffff&#8220; border_style=&#8220;solid&#8220;]<\/p>\n<p>Bitte hier klicken und Sie erhalten eine Anfahrtskizze zu unserem Werk: <a href=\"http:\/\/www.spf-europe.nl\/contact\/\"><span style=\"color: #100080;\">Anfahrtskizze<\/span><\/a><\/p>\n<p>[\/et_pb_blurb][\/et_pb_column][et_pb_column type=&#8220;1_2&#8243;][et_pb_blurb admin_label=&#8220;Weltweit&#8220; title=&#8220;Weltweit&#8220; url_new_window=&#8220;off&#8220; use_icon=&#8220;on&#8220; font_icon=&#8220;%%59%%&#8220; icon_color=&#8220;#f2952d&#8220; use_circle=&#8220;off&#8220; circle_color=&#8220;#2ea3f2&#8243; use_circle_border=&#8220;off&#8220; circle_border_color=&#8220;#2ea3f2&#8243; icon_placement=&#8220;left&#8220; animation=&#8220;top&#8220; background_layout=&#8220;light&#8220; text_orientation=&#8220;justified&#8220; use_icon_font_size=&#8220;off&#8220; use_border_color=&#8220;off&#8220; border_color=&#8220;#ffffff&#8220; border_style=&#8220;solid&#8220;]<\/p>\n<p>SPF Global bietet Ihren Kunden mit drei Standorten in Japan, Europa und den Vereinigten Staaten einen kompletten und weltweiten Service, inklusive Entwurf-, Produktions- und Reparaturkapazit\u00e4ten.<\/p>\n<p>[\/et_pb_blurb][et_pb_blurb admin_label=&#8220;und schliesslich &#8230;&#8220; title=&#8220;und schliesslich &#8230;&#8220; url_new_window=&#8220;off&#8220; use_icon=&#8220;on&#8220; font_icon=&#8220;%%59%%&#8220; icon_color=&#8220;#f2952d&#8220; use_circle=&#8220;off&#8220; circle_color=&#8220;#2ea3f2&#8243; use_circle_border=&#8220;off&#8220; circle_border_color=&#8220;#2ea3f2&#8243; icon_placement=&#8220;left&#8220; animation=&#8220;top&#8220; background_layout=&#8220;light&#8220; text_orientation=&#8220;justified&#8220; use_icon_font_size=&#8220;off&#8220; use_border_color=&#8220;off&#8220; border_color=&#8220;#ffffff&#8220; border_style=&#8220;solid&#8220;]<\/p>\n<p>Wir sind an einer engen und partnerschaftlichen Zusammenarbeit mit unseren Kunden interessiert. Unsere qualifizierten und motivierten Mittarbeiter stehen bereit, um Ihnen die bestm\u00f6gliche Unterst\u00fctzung zu bieten. Wir w\u00fcrden uns \u00fcber Ihre Anfrage freuen.<\/p>\n<p>&nbsp;<\/p>\n<p>[\/et_pb_blurb][\/et_pb_column][\/et_pb_row][\/et_pb_section]<\/p>","protected":false},"excerpt":{"rendered":"<p>[et_pb_section fullwidth=&#8220;on&#8220; specialty=&#8220;off&#8220;][et_pb_fullwidth_slider admin_label=&#8220;Fullwidth Slider&#8220; show_arrows=&#8220;on&#8220; show_pagination=&#8220;on&#8220; auto=&#8220;off&#8220; parallax=&#8220;off&#8220; auto_ignore_hover=&#8220;off&#8220; parallax_method=&#8220;off&#8220; remove_inner_shadow=&#8220;off&#8220; background_position=&#8220;default&#8220; background_size=&#8220;default&#8220; hide_content_on_mobile=&#8220;off&#8220; hide_cta_on_mobile=&#8220;off&#8220; show_image_video_mobile=&#8220;off&#8220; custom_button=&#8220;off&#8220; button_letter_spacing=&#8220;0&#8243; button_use_icon=&#8220;default&#8220; button_icon_placement=&#8220;right&#8220; button_on_hover=&#8220;on&#8220; button_letter_spacing_hover=&#8220;0&#8243;] [et_pb_slide heading=&#8220;SPF Europe&#8220; button_text=&#8220;Mail&#8220; button_link=&#8220;mailto:sales@spf-europe.nl &#8220; background_image=&#8220;http:\/\/www.spf-europe.nl\/wp-content\/uploads\/2016\/02\/Image00001600x480.jpg&#8220; background_color=&#8220;#ffffff&#8220; alignment=&#8220;center&#8220; background_layout=&#8220;dark&#8220; background_position=&#8220;default&#8220; background_size=&#8220;default&#8220; allow_player_pause=&#8220;off&#8220; header_font_select=&#8220;default&#8220; body_font_select=&#8220;default&#8220; custom_button=&#8220;off&#8220; button_font_select=&#8220;default&#8220; button_use_icon=&#8220;default&#8220; button_icon_placement=&#8220;right&#8220; button_on_hover=&#8220;on&#8220;] Ihr Partner f\u00fcr die Galvanotechnik und Korrosionbest\u00e4ndige Materialen [\/et_pb_slide] [\/et_pb_fullwidth_slider][\/et_pb_section][et_pb_section inner_shadow=&#8220;off&#8220; parallax=&#8220;off&#8220;][et_pb_row][et_pb_column [&hellip;]<\/p>\n","protected":false},"author":1,"featured_media":0,"parent":0,"menu_order":0,"comment_status":"closed","ping_status":"closed","template":"","meta":{"footnotes":""},"class_list":["post-86","page","type-page","status-publish","hentry"],"_links":{"self":[{"href":"https:\/\/www.spf-europe.nl\/de\/wp-json\/wp\/v2\/pages\/86"}],"collection":[{"href":"https:\/\/www.spf-europe.nl\/de\/wp-json\/wp\/v2\/pages"}],"about":[{"href":"https:\/\/www.spf-europe.nl\/de\/wp-json\/wp\/v2\/types\/page"}],"author":[{"embeddable":true,"href":"https:\/\/www.spf-europe.nl\/de\/wp-json\/wp\/v2\/users\/1"}],"replies":[{"embeddable":true,"href":"https:\/\/www.spf-europe.nl\/de\/wp-json\/wp\/v2\/comments?post=86"}],"version-history":[{"count":0,"href":"https:\/\/www.spf-europe.nl\/de\/wp-json\/wp\/v2\/pages\/86\/revisions"}],"wp:attachment":[{"href":"https:\/\/www.spf-europe.nl\/de\/wp-json\/wp\/v2\/media?parent=86"}],"curies":[{"name":"wp","href":"https:\/\/api.w.org\/{rel}","templated":true}]}}