{"id":83,"date":"2015-08-26T10:19:14","date_gmt":"2015-08-26T10:19:14","guid":{"rendered":"http:\/\/www.spf-europe.nl\/?page_id=83"},"modified":"2017-03-16T12:32:18","modified_gmt":"2017-03-16T12:32:18","slug":"chemische-industrie","status":"publish","type":"page","link":"https:\/\/www.spf-europe.nl\/de\/chemische-industrie\/","title":{"rendered":"Chemische Industrie"},"content":{"rendered":"<p>[et_pb_section fullwidth=&#8220;on&#8220; specialty=&#8220;off&#8220;][et_pb_fullwidth_slider admin_label=&#8220;Volle breedte slider&#8220; show_arrows=&#8220;off&#8220; show_pagination=&#8220;off&#8220; auto=&#8220;off&#8220; auto_ignore_hover=&#8220;off&#8220; parallax=&#8220;off&#8220; parallax_method=&#8220;off&#8220; remove_inner_shadow=&#8220;off&#8220; background_position=&#8220;default&#8220; background_size=&#8220;default&#8220; hide_content_on_mobile=&#8220;off&#8220; hide_cta_on_mobile=&#8220;off&#8220; show_image_video_mobile=&#8220;off&#8220; custom_button=&#8220;off&#8220; button_letter_spacing=&#8220;0&#8243; button_use_icon=&#8220;default&#8220; button_icon_placement=&#8220;right&#8220; button_on_hover=&#8220;on&#8220; button_letter_spacing_hover=&#8220;0&#8243;] [et_pb_slide heading=&#8220;Chemie Apparatebau&#8220; background_image=&#8220;http:\/\/www.spf-europe.nl\/wp-content\/uploads\/2015\/08\/header2.jpg&#8220; background_position=&#8220;default&#8220; background_size=&#8220;cover&#8220; background_color=&#8220;#ffffff&#8220; alignment=&#8220;center&#8220; background_layout=&#8220;dark&#8220; allow_player_pause=&#8220;off&#8220; header_font_select=&#8220;default&#8220; body_font_select=&#8220;default&#8220; custom_button=&#8220;off&#8220; button_font_select=&#8220;default&#8220; button_use_icon=&#8220;default&#8220; button_icon_placement=&#8220;right&#8220; button_on_hover=&#8220;on&#8220;] [\/et_pb_slide] [\/et_pb_fullwidth_slider][\/et_pb_section][et_pb_section][et_pb_row][et_pb_column type=&#8220;4_4&#8243;][et_pb_text admin_label=&#8220;Sun-Z-R Auskleidungstechnologie&#8220; background_layout=&#8220;light&#8220; text_orientation=&#8220;left&#8220; use_border_color=&#8220;off&#8220; border_color=&#8220;#ffffff&#8220; border_style=&#8220;solid&#8220;]<\/p>\n<p><strong>Reaktoren und Beh\u00e4lter<\/strong><\/p>\n<p>SPF Europe bietet Ger\u00e4te einschlie\u00dflich Reaktoren und Beh\u00e4lter versehen von Sun-Z-R geclad Tantal, Zirkon, Niob, Titan oder Nickel Legierungen an Kunden, welche konkreten Anforderungen an die Korrosionsbest\u00e4ndigkeit wie voll Vakuum, .. , erh\u00f6hten Temperaturen anfordern. Komplett mit den notwendigen Druckbeh\u00e4lter \u2013 Codes von den einzelnen L\u00e4ndern, wie: JIS, Class 1 Pressure Vessel, Class 2 Pressure Vessel, ASME VIII, PED 97\/23\/EG, AD-Merkblatter, Stoomwezen enz.<\/p>\n<p><strong>\u00a0<a href=\"http:\/\/www.spf-europe.nl\/wp-content\/uploads\/2015\/08\/HI380043.jpg\"><img loading=\"lazy\" decoding=\"async\" class=\"alignnone size-medium wp-image-462\" src=\"http:\/\/www.spf-europe.nl\/wp-content\/uploads\/2015\/08\/HI380043-300x225.jpg\" alt=\"HI380043\" width=\"300\" height=\"225\" srcset=\"https:\/\/www.spf-europe.nl\/wp-content\/uploads\/2015\/08\/HI380043-300x225.jpg 300w, https:\/\/www.spf-europe.nl\/wp-content\/uploads\/2015\/08\/HI380043-768x576.jpg 768w, https:\/\/www.spf-europe.nl\/wp-content\/uploads\/2015\/08\/HI380043-1024x768.jpg 1024w, https:\/\/www.spf-europe.nl\/wp-content\/uploads\/2015\/08\/HI380043-1080x810.jpg 1080w, https:\/\/www.spf-europe.nl\/wp-content\/uploads\/2015\/08\/HI380043.jpg 1280w\" sizes=\"(max-width: 300px) 100vw, 300px\" \/><\/a><\/strong><\/p>\n<p><strong>Kolonnen<\/strong><\/p>\n<p>Die Produktion von Destillationskolonnen, Kl\u00e4ranlagen, Extraktion Kolonnen, Reaktoren etc. Mit unseren Sun-Z-R Verkleidungssystem sind wir flexibel in der Production nach Ihren Bed\u00fcrfnissen und Anforderungen.<\/p>\n<p>&nbsp;<\/p>\n<p><strong>W\u00e4rmetauscher<\/strong><\/p>\n<p>Die Lieferung und Full-Service wie Thermische Berechnungen, Konstruktion und Montage von W\u00e4rmetauscher, auf der Grundlage der Anwendbarkeit von Design- Standards und Codes. Die Rohr und U- Rohr f\u00f6rmigen W\u00e4rmetauscher werden am meisten verwendet. Das korrosiven Medium meistens in der Rohrseite.<\/p>\n<p><a href=\"http:\/\/www.spf-europe.nl\/wp-content\/uploads\/2015\/08\/DSCN0865-1.jpg\"><img loading=\"lazy\" decoding=\"async\" class=\"size-medium wp-image-463 alignright\" src=\"http:\/\/www.spf-europe.nl\/wp-content\/uploads\/2015\/08\/DSCN0865-1-300x241.jpg\" alt=\"DSCN0865-1\" width=\"300\" height=\"241\" srcset=\"https:\/\/www.spf-europe.nl\/wp-content\/uploads\/2015\/08\/DSCN0865-1-300x241.jpg 300w, https:\/\/www.spf-europe.nl\/wp-content\/uploads\/2015\/08\/DSCN0865-1.jpg 594w\" sizes=\"(max-width: 300px) 100vw, 300px\" \/><\/a><\/p>\n<p><strong>Zubeh\u00f6ren<\/strong><\/p>\n<ul>\n<li>R\u00fchrwerke<\/li>\n<li>Schotten<\/li>\n<li>Heizung oder K\u00fchlschlangen<\/li>\n<li>Candle Heizungen<\/li>\n<li>Tauchrohr<\/li>\n<li>Kolonnen einbauten<\/li>\n<li>Thermo Wells<\/li>\n<li>Usw&#8230;<\/li>\n<\/ul>\n<p>&nbsp;<\/p>\n<p><strong>Sun-Z-R Auskleidungstechnologie<\/strong><\/p>\n<p>Mit Hilfe der von Showa Entetsu patentierten Sun-Z-R Widerstandsschweisstechnik k\u00f6nnen Stahl-, Kupfer\u2013 und Aluminiumstrukturen mit einem sehr d\u00fcnnen jedoch extrem korrosionsbest\u00e4ndigen Auskleidung aus Tantal, Titan, Niob oder Zirkonium versehen werden. Die Dicke der Auskleidung liegt zwischen 0,6 mm und 1,5 mm. Dieses Verfahren erlaubt die Verwendung von Materialien mit sehr guten elektrischen oder mechanischen Eigenschaften wie Kupfer oder Stahl, die auf Grund ihrer schlechten Korrosionsbest\u00e4ndigkeit sonst nicht eingesetzt werden k\u00f6nnten.<\/p>\n<p>Die Sun-Z-R Auskleidungstechnik wird mit Erfolg bei der Herstellung von Tauchstromzuf\u00fchrungen in der Galvanotechnik eingesetzt. Hierdurch werden g\u00e4ngige Probleme wie Kontaktkorrosion und Schichtdefekten durch Elektrolytverunreinigung vermieden. Der Einsatz von Tauchstromzuf\u00fchrungen als Stromschiene fur Anodenk\u00f6rbe vereinfacht das Be- und Nachf\u00fcllen der K\u00f6rbe entscheidend.<\/p>\n<p>&nbsp;<\/p>\n<p>[\/et_pb_text][\/et_pb_column][\/et_pb_row][et_pb_row][et_pb_column type=&#8220;4_4&#8243;][et_pb_divider admin_label=&#8220;Verdeler&#8220; color=&#8220;#ffffff&#8220; show_divider=&#8220;off&#8220; height=&#8220;200&#8243; divider_style=&#8220;solid&#8220; divider_position=&#8220;top&#8220; hide_on_mobile=&#8220;on&#8220;] [\/et_pb_divider][\/et_pb_column][\/et_pb_row][\/et_pb_section]<\/p>","protected":false},"excerpt":{"rendered":"<p>[et_pb_section fullwidth=&#8220;on&#8220; specialty=&#8220;off&#8220;][et_pb_fullwidth_slider admin_label=&#8220;Volle breedte slider&#8220; show_arrows=&#8220;off&#8220; show_pagination=&#8220;off&#8220; auto=&#8220;off&#8220; auto_ignore_hover=&#8220;off&#8220; parallax=&#8220;off&#8220; parallax_method=&#8220;off&#8220; remove_inner_shadow=&#8220;off&#8220; background_position=&#8220;default&#8220; background_size=&#8220;default&#8220; hide_content_on_mobile=&#8220;off&#8220; hide_cta_on_mobile=&#8220;off&#8220; show_image_video_mobile=&#8220;off&#8220; custom_button=&#8220;off&#8220; button_letter_spacing=&#8220;0&#8243; button_use_icon=&#8220;default&#8220; button_icon_placement=&#8220;right&#8220; button_on_hover=&#8220;on&#8220; button_letter_spacing_hover=&#8220;0&#8243;] [et_pb_slide heading=&#8220;Chemie Apparatebau&#8220; background_image=&#8220;http:\/\/www.spf-europe.nl\/wp-content\/uploads\/2015\/08\/header2.jpg&#8220; background_position=&#8220;default&#8220; background_size=&#8220;cover&#8220; background_color=&#8220;#ffffff&#8220; alignment=&#8220;center&#8220; background_layout=&#8220;dark&#8220; allow_player_pause=&#8220;off&#8220; header_font_select=&#8220;default&#8220; body_font_select=&#8220;default&#8220; custom_button=&#8220;off&#8220; button_font_select=&#8220;default&#8220; button_use_icon=&#8220;default&#8220; button_icon_placement=&#8220;right&#8220; button_on_hover=&#8220;on&#8220;] [\/et_pb_slide] [\/et_pb_fullwidth_slider][\/et_pb_section][et_pb_section][et_pb_row][et_pb_column type=&#8220;4_4&#8243;][et_pb_text admin_label=&#8220;Sun-Z-R Auskleidungstechnologie&#8220; background_layout=&#8220;light&#8220; text_orientation=&#8220;left&#8220; use_border_color=&#8220;off&#8220; border_color=&#8220;#ffffff&#8220; border_style=&#8220;solid&#8220;] Reaktoren und Beh\u00e4lter SPF [&hellip;]<\/p>\n","protected":false},"author":1,"featured_media":0,"parent":0,"menu_order":0,"comment_status":"closed","ping_status":"closed","template":"","meta":{"footnotes":""},"class_list":["post-83","page","type-page","status-publish","hentry"],"_links":{"self":[{"href":"https:\/\/www.spf-europe.nl\/de\/wp-json\/wp\/v2\/pages\/83"}],"collection":[{"href":"https:\/\/www.spf-europe.nl\/de\/wp-json\/wp\/v2\/pages"}],"about":[{"href":"https:\/\/www.spf-europe.nl\/de\/wp-json\/wp\/v2\/types\/page"}],"author":[{"embeddable":true,"href":"https:\/\/www.spf-europe.nl\/de\/wp-json\/wp\/v2\/users\/1"}],"replies":[{"embeddable":true,"href":"https:\/\/www.spf-europe.nl\/de\/wp-json\/wp\/v2\/comments?post=83"}],"version-history":[{"count":0,"href":"https:\/\/www.spf-europe.nl\/de\/wp-json\/wp\/v2\/pages\/83\/revisions"}],"wp:attachment":[{"href":"https:\/\/www.spf-europe.nl\/de\/wp-json\/wp\/v2\/media?parent=83"}],"curies":[{"name":"wp","href":"https:\/\/api.w.org\/{rel}","templated":true}]}}